{"id":14791,"date":"2023-11-06T23:27:05","date_gmt":"2023-11-06T20:27:05","guid":{"rendered":"https:\/\/fuatdemirci.com.tr\/vaginal-aesthetics.html"},"modified":"2023-11-06T23:27:05","modified_gmt":"2023-11-06T20:27:05","slug":"vaginal-aesthetics","status":"publish","type":"page","link":"https:\/\/fuatdemirci.com.tr\/en\/vaginal-aesthetics.html","title":{"rendered":"Vaginal Aesthetics"},"content":{"rendered":"\t\t<div data-elementor-type=\"wp-page\" data-elementor-id=\"14791\" class=\"elementor elementor-14791\">\n\t\t\t\t\t\t\t<div class=\"elementor-element elementor-element-d0dc844 e-flex e-con-boxed e-con e-parent\" data-id=\"d0dc844\" data-element_type=\"container\" data-settings=\"{&quot;content_width&quot;:&quot;boxed&quot;}\" data-core-v316-plus=\"true\">\n\t\t\t\t\t<div class=\"e-con-inner\">\n\t\t\t\t<div class=\"elementor-element elementor-element-580cafa elementor-widget elementor-widget-pix-blog\" data-id=\"580cafa\" data-element_type=\"widget\" data-widget_type=\"pix-blog.default\">\n\t\t\t\t<div class=\"elementor-widget-container\">\n\t\t\t<div class=\"row  \"><\/div>\n\t\t<\/div>\n\t\t\t\t<\/div>\n\t\t\t\t\t<\/div>\n\t\t\t\t<\/div>\n\t\t\t\t\t\t\t<\/div>\n\t\t","protected":false},"excerpt":{"rendered":"<p>&#8211;Vajinal Estetik Genital Estetik Operasyonlar 10 Kas\u0131m 2019 &#8211;Vajinal Estetik Vajinal Estetik Ameliyat\u0131 10 Kas\u0131m 2019 &#8211;Rahim Sarkmas\u0131Vajina Sarkmas\u0131-Geni\u015flemesiVajinal Estetik Genital Sarkma Nedenleri ve Tedavisi 10 Kas\u0131m 2019 &#8211;Lazerle Vajinal EstetikVajinal Estetik Genital Estetik Ameliyat\u0131 10 Kas\u0131m 2019 &#8211;Vajinal Estetik&#8230;<\/p>\n","protected":false},"author":1,"featured_media":0,"parent":0,"menu_order":0,"comment_status":"closed","ping_status":"closed","template":"","meta":{"footnotes":""},"class_list":["post-14791","page","type-page","status-publish","hentry"],"_links":{"self":[{"href":"https:\/\/fuatdemirci.com.tr\/en\/wp-json\/wp\/v2\/pages\/14791","targetHints":{"allow":["GET"]}}],"collection":[{"href":"https:\/\/fuatdemirci.com.tr\/en\/wp-json\/wp\/v2\/pages"}],"about":[{"href":"https:\/\/fuatdemirci.com.tr\/en\/wp-json\/wp\/v2\/types\/page"}],"author":[{"embeddable":true,"href":"https:\/\/fuatdemirci.com.tr\/en\/wp-json\/wp\/v2\/users\/1"}],"replies":[{"embeddable":true,"href":"https:\/\/fuatdemirci.com.tr\/en\/wp-json\/wp\/v2\/comments?post=14791"}],"version-history":[{"count":0,"href":"https:\/\/fuatdemirci.com.tr\/en\/wp-json\/wp\/v2\/pages\/14791\/revisions"}],"wp:attachment":[{"href":"https:\/\/fuatdemirci.com.tr\/en\/wp-json\/wp\/v2\/media?parent=14791"}],"curies":[{"name":"wp","href":"https:\/\/api.w.org\/{rel}","templated":true}]}}