{"id":14789,"date":"2023-11-06T00:21:55","date_gmt":"2023-11-05T21:21:55","guid":{"rendered":"https:\/\/fuatdemirci.com.tr\/presentation-meeting.html"},"modified":"2023-11-06T00:21:55","modified_gmt":"2023-11-05T21:21:55","slug":"presentation-meeting","status":"publish","type":"page","link":"https:\/\/fuatdemirci.com.tr\/en\/presentation-meeting.html","title":{"rendered":"Presentation-Meeting"},"content":{"rendered":"\t\t<div data-elementor-type=\"wp-page\" data-elementor-id=\"14789\" class=\"elementor elementor-14789\">\n\t\t\t\t\t\t\t<div class=\"elementor-element elementor-element-2a9cf7f e-flex e-con-boxed e-con e-parent\" data-id=\"2a9cf7f\" data-element_type=\"container\" data-settings=\"{&quot;content_width&quot;:&quot;boxed&quot;}\" data-core-v316-plus=\"true\">\n\t\t\t\t\t<div class=\"e-con-inner\">\n\t\t\t\t<div class=\"elementor-element elementor-element-507857e elementor-widget elementor-widget-pix-blog\" data-id=\"507857e\" data-element_type=\"widget\" data-widget_type=\"pix-blog.default\">\n\t\t\t\t<div class=\"elementor-widget-container\">\n\t\t\t<div class=\"row  \"><div class=\"pix-pagination d-sm-flex pix-mt-20 w-100 justify-content-center align-items-center\"><\/div><\/div>\n\t\t<\/div>\n\t\t\t\t<\/div>\n\t\t\t\t\t<\/div>\n\t\t\t\t<\/div>\n\t\t\t\t\t\t\t<\/div>\n\t\t","protected":false},"excerpt":{"rendered":"<p>Sunum-Toplant\u0131 17. Uluda\u011f Jinekoloji ve Obstetrik K\u0131\u015f Kongresi 05-08 Mart 2023 23 May\u0131s 2023 Sunum-Toplant\u0131 2. Uluslararas\u0131 Ege Jinekoloji ve Obstetrik Kongresi 23 May\u0131s 2023 Sunum-Toplant\u0131 10. Ulusal Jinekoloji Kongresi &#8211; \u0130stanbul 26 Ekim 2022 Sunum-Toplant\u0131 Pelvik Taban ve Kozmetik&#8230;<\/p>\n","protected":false},"author":1,"featured_media":0,"parent":0,"menu_order":0,"comment_status":"closed","ping_status":"closed","template":"","meta":{"footnotes":""},"class_list":["post-14789","page","type-page","status-publish","hentry"],"_links":{"self":[{"href":"https:\/\/fuatdemirci.com.tr\/en\/wp-json\/wp\/v2\/pages\/14789","targetHints":{"allow":["GET"]}}],"collection":[{"href":"https:\/\/fuatdemirci.com.tr\/en\/wp-json\/wp\/v2\/pages"}],"about":[{"href":"https:\/\/fuatdemirci.com.tr\/en\/wp-json\/wp\/v2\/types\/page"}],"author":[{"embeddable":true,"href":"https:\/\/fuatdemirci.com.tr\/en\/wp-json\/wp\/v2\/users\/1"}],"replies":[{"embeddable":true,"href":"https:\/\/fuatdemirci.com.tr\/en\/wp-json\/wp\/v2\/comments?post=14789"}],"version-history":[{"count":0,"href":"https:\/\/fuatdemirci.com.tr\/en\/wp-json\/wp\/v2\/pages\/14789\/revisions"}],"wp:attachment":[{"href":"https:\/\/fuatdemirci.com.tr\/en\/wp-json\/wp\/v2\/media?parent=14789"}],"curies":[{"name":"wp","href":"https:\/\/api.w.org\/{rel}","templated":true}]}}