{"id":14776,"date":"2020-05-22T22:58:44","date_gmt":"2020-05-22T19:58:44","guid":{"rendered":"https:\/\/fuatdemirci.com.tr\/iletisim.html"},"modified":"2023-11-16T21:25:01","modified_gmt":"2023-11-16T18:25:01","slug":"contact","status":"publish","type":"page","link":"https:\/\/fuatdemirci.com.tr\/en\/contact.html","title":{"rendered":"Contact"},"content":{"rendered":"\t\t<div data-elementor-type=\"wp-page\" data-elementor-id=\"14776\" class=\"elementor elementor-14776\">\n\t\t\t\t\t\t\t\t\t<section class=\"elementor-section elementor-top-section elementor-element elementor-element-3d0365c8 elementor-section-stretched elementor-section-full_width elementor-section-height-default elementor-section-height-default\" data-id=\"3d0365c8\" data-element_type=\"section\" data-settings=\"{&quot;stretch_section&quot;:&quot;section-stretched&quot;,&quot;background_background&quot;:&quot;classic&quot;}\">\n\t\t\t\t\t\t<div class=\"elementor-container elementor-column-gap-no\">\n\t\t\t\t\t<div class=\"elementor-column elementor-col-100 elementor-top-column elementor-element elementor-element-469b9c97\" data-id=\"469b9c97\" data-element_type=\"column\">\n\t\t\t<div class=\"elementor-widget-wrap elementor-element-populated\">\n\t\t\t\t\t\t\t\t<section class=\"elementor-section elementor-inner-section elementor-element elementor-element-6d6012c4 elementor-section-boxed elementor-section-height-default elementor-section-height-default\" data-id=\"6d6012c4\" data-element_type=\"section\">\n\t\t\t\t\t\t<div class=\"elementor-container elementor-column-gap-default\">\n\t\t\t\t\t<div class=\"elementor-column elementor-col-100 elementor-inner-column elementor-element elementor-element-63fac178\" data-id=\"63fac178\" data-element_type=\"column\">\n\t\t\t<div class=\"elementor-widget-wrap elementor-element-populated\">\n\t\t\t\t\t\t\t\t<div class=\"elementor-element elementor-element-61e99652 elementor-widget elementor-widget-pix-sliding-text\" data-id=\"61e99652\" data-element_type=\"widget\" data-widget_type=\"pix-sliding-text.default\">\n\t\t\t\t<div class=\"elementor-widget-container\">\n\t\t\t<div id=\"sliding-text-91550923\" class=\"mb-3 text-center \"><h2 class=\"mb-32 pix-sliding-headline-2 animate-in font-weight-bold secondary-font \" data-anim-type=\"pix-sliding-text\" pix-anim-delay=\"500\" data-class=\"secondary-font text-gradient-primary\" style=\"\"><span class=\"slide-in-container \"><span class=\"pix-sliding-item secondary-font text-gradient-primary\" style=\"transition-delay: 0ms;\">Contact&#32;<\/span><\/span> <span class=\"slide-in-container \"><span class=\"pix-sliding-item secondary-font text-gradient-primary\" style=\"transition-delay: 150ms;\">Details&#32;<\/span><\/span> <\/h2><\/div>\t\t<\/div>\n\t\t\t\t<\/div>\n\t\t\t\t<div class=\"elementor-element elementor-element-322d9755 elementor-invisible elementor-widget elementor-widget-pix-text\" data-id=\"322d9755\" data-element_type=\"widget\" data-widget_type=\"pix-text.default\">\n\t\t\t\t<div class=\"elementor-widget-container\">\n\t\t\t<div class=\"pix-el-text w-100 text-center \" ><p class=\"text-20 resp-option text-body-default text-center \" ><span class=\"text-body-default animate-in d-inline-block\" data-anim-delay=\"200\" data-anim-type=\"fade-in-up\">Please contact us for your questions, comments and suggestions.<\/span><\/p><\/div>\t\t<\/div>\n\t\t\t\t<\/div>\n\t\t\t\t\t<\/div>\n\t\t<\/div>\n\t\t\t\t\t\t\t<\/div>\n\t\t<\/section>\n\t\t\t\t<section class=\"elementor-section elementor-inner-section elementor-element elementor-element-1cbc9e30 elementor-section-boxed elementor-section-height-default elementor-section-height-default\" data-id=\"1cbc9e30\" data-element_type=\"section\">\n\t\t\t\t\t\t<div class=\"elementor-container elementor-column-gap-default\">\n\t\t\t\t\t<div class=\"elementor-column elementor-col-33 elementor-inner-column elementor-element elementor-element-220c8413\" data-id=\"220c8413\" data-element_type=\"column\">\n\t\t\t<div class=\"elementor-widget-wrap elementor-element-populated\">\n\t\t\t\t\t\t\t\t<div class=\"elementor-element elementor-element-3b24f458 shadow shadow-hover-sm fly-sm rounded-10 pix-mb-20 elementor-widget elementor-widget-pix-feature\" data-id=\"3b24f458\" data-element_type=\"widget\" data-widget_type=\"pix-feature.default\">\n\t\t\t\t<div class=\"elementor-widget-container\">\n\t\t\t<div id=\"duo-icon-109557572\" class=\"pix-feature-el text-custom \"><div class=\"rounded-circle d-inline-block2 d-inline-flex align-items-center justify-content-center line-height-0 mw-100 bg-gradient-primary-light \"   style=\" width:64.8px;aspect-ratio:1\/1 !important;position:relative;text-align:center;\"><div class=\"text-gradient-primary\" style=\"display:inline-block;width:36px;height:36px;font-size:36px;\"><svg width=\"100%\" height=\"100%\" viewBox=\"0 0 24 24\" version=\"1.1\" xmlns=\"http:\/\/www.w3.org\/2000\/svg\" xmlns:xlink=\"http:\/\/www.w3.org\/1999\/xlink\"> <defs><\/defs> <g stroke=\"none\" stroke-width=\"1\" fill=\"none\" fill-rule=\"evenodd\"> <path d=\"M13.0799676,14.7839934 L15.2839934,12.5799676 C15.8927139,11.9712471 16.0436229,11.0413042 15.6586342,10.2713269 L15.5337539,10.0215663 C15.1487653,9.25158901 15.2996742,8.3216461 15.9083948,7.71292558 L18.6411989,4.98012149 C18.836461,4.78485934 19.1530435,4.78485934 19.3483056,4.98012149 C19.3863063,5.01812215 19.4179321,5.06200062 19.4419658,5.11006808 L20.5459415,7.31801948 C21.3904962,9.0071287 21.0594452,11.0471565 19.7240871,12.3825146 L13.7252616,18.3813401 C12.2717221,19.8348796 10.1217008,20.3424308 8.17157288,19.6923882 L5.75709327,18.8875616 C5.49512161,18.8002377 5.35354162,18.5170777 5.4408655,18.2551061 C5.46541191,18.1814669 5.50676633,18.114554 5.56165376,18.0596666 L8.21292558,15.4083948 C8.8216461,14.7996742 9.75158901,14.6487653 10.5215663,15.0337539 L10.7713269,15.1586342 C11.5413042,15.5436229 12.4712471,15.3927139 13.0799676,14.7839934 Z\" fill=\"#000000\"><\/path> <path d=\"M14.1480759,6.00715131 L13.9566988,7.99797396 C12.4781389,7.8558405 11.0097207,8.36895892 9.93933983,9.43933983 C8.8724631,10.5062166 8.35911588,11.9685602 8.49664195,13.4426352 L6.50528978,13.6284215 C6.31304559,11.5678496 7.03283934,9.51741319 8.52512627,8.02512627 C10.0223249,6.52792766 12.0812426,5.80846733 14.1480759,6.00715131 Z M14.4980938,2.02230302 L14.313049,4.01372424 C11.6618299,3.76737046 9.03000738,4.69181803 7.1109127,6.6109127 C5.19447112,8.52735429 4.26985715,11.1545872 4.51274152,13.802405 L2.52110319,13.985098 C2.22450978,10.7517681 3.35562581,7.53777247 5.69669914,5.19669914 C8.04101739,2.85238089 11.2606138,1.72147333 14.4980938,2.02230302 Z\" fill=\"#000000\" fill-rule=\"nonzero\" opacity=\"0.3\"><\/path> <\/g> <\/svg>\n<\/div><\/div><h6 class=\"font-weight-bold   text-heading-default \" style=\"padding-top:10px;\"  >Phone<\/h6><div class=\"text-text-gray text-18     \" style=\"\"  >+90 532 740 44 96<br>+90 532 213 72 91<\/div><\/div>\t\t<\/div>\n\t\t\t\t<\/div>\n\t\t\t\t\t<\/div>\n\t\t<\/div>\n\t\t\t\t<div class=\"elementor-column elementor-col-33 elementor-inner-column elementor-element elementor-element-1c59b996\" data-id=\"1c59b996\" data-element_type=\"column\">\n\t\t\t<div class=\"elementor-widget-wrap elementor-element-populated\">\n\t\t\t\t\t\t\t\t<div class=\"elementor-element elementor-element-7753f2bc shadow shadow-hover-sm fly-sm rounded-10 pix-mb-20 elementor-widget elementor-widget-pix-feature\" data-id=\"7753f2bc\" data-element_type=\"widget\" data-widget_type=\"pix-feature.default\">\n\t\t\t\t<div class=\"elementor-widget-container\">\n\t\t\t<div id=\"duo-icon-199458970\" class=\"pix-feature-el text-custom \"><div class=\"rounded-circle d-inline-block2 d-inline-flex align-items-center justify-content-center line-height-0 mw-100 bg-gradient-primary-light \"   style=\" width:64.8px;aspect-ratio:1\/1 !important;position:relative;text-align:center;\"><div class=\"text-gradient-primary\" style=\"display:inline-block;width:36px;height:36px;font-size:36px;\"><svg width=\"100%\" height=\"100%\" viewBox=\"0 0 24 24\" version=\"1.1\" xmlns=\"http:\/\/www.w3.org\/2000\/svg\" xmlns:xlink=\"http:\/\/www.w3.org\/1999\/xlink\"> <defs><\/defs> <g stroke=\"none\" stroke-width=\"1\" fill=\"none\" fill-rule=\"evenodd\"> <path d=\"M21,12.0829584 C20.6747915,12.0283988 20.3407122,12 20,12 C16.6862915,12 14,14.6862915 14,18 C14,18.3407122 14.0283988,18.6747915 14.0829584,19 L5,19 C3.8954305,19 3,18.1045695 3,17 L3,8 C3,6.8954305 3.8954305,6 5,6 L19,6 C20.1045695,6 21,6.8954305 21,8 L21,12.0829584 Z M18.1444251,7.83964668 L12,11.1481833 L5.85557487,7.83964668 C5.4908718,7.6432681 5.03602525,7.77972206 4.83964668,8.14442513 C4.6432681,8.5091282 4.77972206,8.96397475 5.14442513,9.16035332 L11.6444251,12.6603533 C11.8664074,12.7798822 12.1335926,12.7798822 12.3555749,12.6603533 L18.8555749,9.16035332 C19.2202779,8.96397475 19.3567319,8.5091282 19.1603533,8.14442513 C18.9639747,7.77972206 18.5091282,7.6432681 18.1444251,7.83964668 Z\" fill=\"#000000\"><\/path> <circle fill=\"#000000\" opacity=\"0.3\" cx=\"19.5\" cy=\"17.5\" r=\"2.5\"><\/circle> <\/g> <\/svg><\/div><\/div><h6 class=\"font-weight-bold   text-heading-default \" style=\"padding-top:10px;\"  >E-Mail<\/h6><div class=\"text-text-gray text-18     \" style=\"\"  >afuatdemirci@gmail.com<\/div><\/div>\t\t<\/div>\n\t\t\t\t<\/div>\n\t\t\t\t\t<\/div>\n\t\t<\/div>\n\t\t\t\t<div class=\"elementor-column elementor-col-33 elementor-inner-column elementor-element elementor-element-63e708c3\" data-id=\"63e708c3\" data-element_type=\"column\">\n\t\t\t<div class=\"elementor-widget-wrap elementor-element-populated\">\n\t\t\t\t\t\t\t\t<div class=\"elementor-element elementor-element-5872a87e shadow shadow-hover-sm fly-sm rounded-10 pix-mb-20 elementor-widget elementor-widget-pix-feature\" data-id=\"5872a87e\" data-element_type=\"widget\" data-widget_type=\"pix-feature.default\">\n\t\t\t\t<div class=\"elementor-widget-container\">\n\t\t\t<div id=\"duo-icon-109102423\" class=\"pix-feature-el text-custom \"><div class=\"rounded-circle d-inline-block2 d-inline-flex align-items-center justify-content-center line-height-0 mw-100 bg-gradient-primary-light \"   style=\" width:64.8px;aspect-ratio:1\/1 !important;position:relative;text-align:center;\"><div class=\"text-gradient-primary\" style=\"display:inline-block;width:36px;height:36px;font-size:36px;\"><svg width=\"100%\" height=\"100%\" viewBox=\"0 0 24 24\" version=\"1.1\" xmlns=\"http:\/\/www.w3.org\/2000\/svg\" xmlns:xlink=\"http:\/\/www.w3.org\/1999\/xlink\"> <defs><\/defs> <g stroke=\"none\" stroke-width=\"1\" fill=\"none\" fill-rule=\"evenodd\"> <circle fill=\"#000000\" opacity=\"0.3\" cx=\"12\" cy=\"12\" r=\"9\"><\/circle> <path d=\"M11.7357634,20.9961946 C6.88740052,20.8563914 3,16.8821712 3,12 C3,11.9168367 3.00112797,11.8339369 3.00336944,11.751315 C3.66233009,11.8143341 4.85636818,11.9573854 4.91262842,12.4204038 C4.9904938,13.0609191 4.91262842,13.8615942 5.45804656,14.101772 C6.00346469,14.3419498 6.15931561,13.1409372 6.6267482,13.4612567 C7.09418079,13.7815761 8.34086797,14.0899175 8.34086797,14.6562185 C8.34086797,15.222396 8.10715168,16.1034596 8.34086797,16.2636193 C8.57458427,16.423779 9.5089688,17.54465 9.50920913,17.7048097 C9.50956962,17.8649694 9.83857487,18.6793513 9.74040201,18.9906563 C9.65905192,19.2487394 9.24857641,20.0501554 8.85059781,20.4145589 C9.75315358,20.7620621 10.7235846,20.9657742 11.7357634,20.9960544 L11.7357634,20.9961946 Z M8.28272988,3.80112099 C9.4158415,3.28656421 10.6744554,3 12,3 C15.5114513,3 18.5532143,5.01097452 20.0364482,7.94408274 C20.069657,8.72412177 20.0638332,9.39135321 20.2361262,9.6327358 C21.1131932,10.8600506 18.0995147,11.7043158 18.5573343,13.5605384 C18.7589671,14.3794892 16.5527814,14.1196773 16.0139722,14.886394 C15.4748026,15.6527403 14.1574598,15.137809 13.8520064,14.9904917 C13.546553,14.8431744 12.3766497,15.3341497 12.4789081,14.4995164 C12.5805657,13.664636 13.2922889,13.6156126 14.0555619,13.2719546 C14.8184743,12.928667 15.9189236,11.7871741 15.3781918,11.6380045 C12.8323064,10.9362407 11.963771,8.47852395 11.963771,8.47852395 C11.8110443,8.44901109 11.8493762,6.74109366 11.1883616,6.69207022 C10.5267462,6.64279981 10.170464,6.88841096 9.20435656,6.69207022 C8.23764828,6.49572949 8.44144409,5.85743687 8.2887174,4.48255778 C8.25453994,4.17415686 8.25619136,3.95717082 8.28272988,3.80112099 Z M20.9991771,11.8770357 C20.9997251,11.9179585 21,11.9589471 21,12 C21,16.9406923 17.0188468,20.9515364 12.0895088,20.9995641 C16.970233,20.9503326 20.9337111,16.888438 20.9991771,11.8770357 Z\" fill=\"#000000\" opacity=\"0.3\"><\/path> <\/g> <\/svg><\/div><\/div><h6 class=\"font-weight-bold   text-heading-default \" style=\"padding-top:10px;\"  >Address Info<\/h6><div class=\"text-text-gray text-18     \" style=\"\"  >Kalam\u0131\u015f Fener Cad. Billur Apt. No:5\/15 (BP biti\u015fi\u011fi). Kad\u0131k\u00f6y-\u0130stanbul-T\u00fcrkiye<\/div><\/div>\t\t<\/div>\n\t\t\t\t<\/div>\n\t\t\t\t\t<\/div>\n\t\t<\/div>\n\t\t\t\t\t\t\t<\/div>\n\t\t<\/section>\n\t\t\t\t\t<\/div>\n\t\t<\/div>\n\t\t\t\t\t\t\t<\/div>\n\t\t<\/section>\n\t\t<div class=\"elementor-element elementor-element-1da61b0 e-con-full e-flex e-con e-parent\" data-id=\"1da61b0\" data-element_type=\"container\" data-settings=\"{&quot;content_width&quot;:&quot;full&quot;}\" data-core-v316-plus=\"true\">\n\t\t\t\t<div class=\"elementor-element elementor-element-4398617 elementor-widget elementor-widget-google_maps\" data-id=\"4398617\" data-element_type=\"widget\" data-widget_type=\"google_maps.default\">\n\t\t\t\t<div class=\"elementor-widget-container\">\n\t\t\t<style>\/*! elementor - v3.17.0 - 08-11-2023 *\/\n.elementor-widget-google_maps .elementor-widget-container{overflow:hidden}.elementor-widget-google_maps .elementor-custom-embed{line-height:0}.elementor-widget-google_maps iframe{height:300px}<\/style>\t\t<div class=\"elementor-custom-embed\">\n\t\t\t<iframe loading=\"lazy\"\n\t\t\t\t\tsrc=\"https:\/\/maps.google.com\/maps?q=Fuat%20Demirci&#038;t=m&#038;z=10&#038;output=embed&#038;iwloc=near\"\n\t\t\t\t\ttitle=\"Fuat Demirci\"\n\t\t\t\t\taria-label=\"Fuat Demirci\"\n\t\t\t><\/iframe>\n\t\t<\/div>\n\t\t\t\t<\/div>\n\t\t\t\t<\/div>\n\t\t\t\t<\/div>\n\t\t\t\t\t\t\t<\/div>\n\t\t","protected":false},"excerpt":{"rendered":"<p>Contact&#32; Details&#32; Please contact us for your questions, comments and suggestions. Phone +90 532 740 44 96+90 532 213 72 91 E-Mail afuatdemirci@gmail.com Address Info Kalam\u0131\u015f Fener Cad. Billur Apt. No:5\/15 (BP biti\u015fi\u011fi). Kad\u0131k\u00f6y-\u0130stanbul-T\u00fcrkiye<\/p>\n","protected":false},"author":1,"featured_media":0,"parent":0,"menu_order":0,"comment_status":"closed","ping_status":"open","template":"","meta":{"footnotes":""},"class_list":["post-14776","page","type-page","status-publish","hentry"],"_links":{"self":[{"href":"https:\/\/fuatdemirci.com.tr\/en\/wp-json\/wp\/v2\/pages\/14776","targetHints":{"allow":["GET"]}}],"collection":[{"href":"https:\/\/fuatdemirci.com.tr\/en\/wp-json\/wp\/v2\/pages"}],"about":[{"href":"https:\/\/fuatdemirci.com.tr\/en\/wp-json\/wp\/v2\/types\/page"}],"author":[{"embeddable":true,"href":"https:\/\/fuatdemirci.com.tr\/en\/wp-json\/wp\/v2\/users\/1"}],"replies":[{"embeddable":true,"href":"https:\/\/fuatdemirci.com.tr\/en\/wp-json\/wp\/v2\/comments?post=14776"}],"version-history":[{"count":8,"href":"https:\/\/fuatdemirci.com.tr\/en\/wp-json\/wp\/v2\/pages\/14776\/revisions"}],"predecessor-version":[{"id":14934,"href":"https:\/\/fuatdemirci.com.tr\/en\/wp-json\/wp\/v2\/pages\/14776\/revisions\/14934"}],"wp:attachment":[{"href":"https:\/\/fuatdemirci.com.tr\/en\/wp-json\/wp\/v2\/media?parent=14776"}],"curies":[{"name":"wp","href":"https:\/\/api.w.org\/{rel}","templated":true}]}}