{"id":14764,"date":"2023-10-30T23:22:15","date_gmt":"2023-10-30T20:22:15","guid":{"rendered":"https:\/\/fuatdemirci.com.tr\/about.html"},"modified":"2023-11-07T05:46:01","modified_gmt":"2023-11-07T02:46:01","slug":"about","status":"publish","type":"page","link":"https:\/\/fuatdemirci.com.tr\/en\/about.html","title":{"rendered":"About"},"content":{"rendered":"\t\t<div data-elementor-type=\"wp-page\" data-elementor-id=\"14764\" class=\"elementor elementor-14764\">\n\t\t\t\t\t\t\t\t\t<section class=\"elementor-section elementor-top-section elementor-element elementor-element-6aaccd20 elementor-section-stretched elementor-section-boxed elementor-section-height-default elementor-section-height-default\" data-id=\"6aaccd20\" data-element_type=\"section\" data-settings=\"{&quot;stretch_section&quot;:&quot;section-stretched&quot;,&quot;background_background&quot;:&quot;classic&quot;,&quot;shape_divider_bottom&quot;:&quot;tilt&quot;}\">\n\t\t\t\t\t\t\t<div class=\"elementor-background-overlay\"><\/div>\n\t\t\t\t\t\t<div class=\"elementor-shape elementor-shape-bottom\" data-negative=\"false\">\n\t\t\t<svg xmlns=\"http:\/\/www.w3.org\/2000\/svg\" viewBox=\"0 0 1000 100\" preserveAspectRatio=\"none\">\n\t<path class=\"elementor-shape-fill\" d=\"M0,6V0h1000v100L0,6z\"\/>\n<\/svg>\t\t<\/div>\n\t\t\t\t\t<div class=\"elementor-container elementor-column-gap-default\">\n\t\t\t\t\t<div class=\"elementor-column elementor-col-50 elementor-top-column elementor-element elementor-element-628edfcb\" data-id=\"628edfcb\" data-element_type=\"column\">\n\t\t\t<div class=\"elementor-widget-wrap elementor-element-populated\">\n\t\t\t\t\t\t\t\t<section class=\"elementor-section elementor-inner-section elementor-element elementor-element-1da7a0b3 bg-white shadow-lg shadow-hover-lg rounded-lg fly-sm overflow-hidden elementor-section-boxed elementor-section-height-default elementor-section-height-default\" data-id=\"1da7a0b3\" data-element_type=\"section\">\n\t\t\t\t\t\t<div class=\"elementor-container elementor-column-gap-default\">\n\t\t\t\t\t<div class=\"elementor-column elementor-col-100 elementor-inner-column elementor-element elementor-element-1a70528\" data-id=\"1a70528\" data-element_type=\"column\">\n\t\t\t<div class=\"elementor-widget-wrap elementor-element-populated\">\n\t\t\t\t\t\t\t\t<div class=\"elementor-element elementor-element-5fc6e4d elementor-widget elementor-widget-pix-icon\" data-id=\"5fc6e4d\" data-element_type=\"widget\" data-widget_type=\"pix-icon.default\">\n\t\t\t\t<div class=\"elementor-widget-container\">\n\t\t\t<div id=\"duo-icon-100893613\" class=\"pix-icon text-left \"><div class=\"rounded-circle d-inline-block feature_img  bg-secondary-light\"   style=\" width:64.8px;height:64.8px;position:relative;line-height:64.8px;text-align:center;\"><i style=\"display:inline-block;font-size:36px;line-height:36px;\" class=\"text-secondary align-middle pixicon-user-circle-1\"><\/i><\/div><\/div>\t\t<\/div>\n\t\t\t\t<\/div>\n\t\t\t\t<div class=\"elementor-element elementor-element-5718b55d elementor-invisible elementor-widget elementor-widget-pix-heading\" data-id=\"5718b55d\" data-element_type=\"widget\" data-widget_type=\"pix-heading.default\">\n\t\t\t\t<div class=\"elementor-widget-container\">\n\t\t\t<div  class=\"pix-heading-el text-left \"><div><div class=\"slide-in-container2\"><h3 class=\"text-heading-default font-weight-bold animate-in heading-text el-title_custom_color mb-12\" style=\"\" data-anim-type=\"fade-in-up\" data-anim-delay=\"200\">Prof. Dr. Fuat DEM\u0130RC\u0130<\/h3><\/div><\/div><\/div>\t\t<\/div>\n\t\t\t\t<\/div>\n\t\t\t\t<div class=\"elementor-element elementor-element-2e66f28d elementor-invisible elementor-widget elementor-widget-pix-text\" data-id=\"2e66f28d\" data-element_type=\"widget\" data-widget_type=\"pix-text.default\">\n\t\t\t\t<div class=\"elementor-widget-container\">\n\t\t\t<div class=\"pix-el-text w-100 text-left \" ><div class=\"d-inline-block\" style=\"max-width:500px;\"><p class=\"text-18 resp-option text-body-default text-left \" ><span class=\"text-body-default animate-in d-inline-block\" data-anim-delay=\"400\" data-anim-type=\"fade-in-up\">Kad\u0131n Hastal\u0131klar\u0131 ve Do\u011fum Uzman\u0131<\/span><\/p><\/div><\/div>\t\t<\/div>\n\t\t\t\t<\/div>\n\t\t\t\t<div class=\"elementor-element elementor-element-48b3d760 elementor-invisible elementor-widget elementor-widget-pix-feature-list\" data-id=\"48b3d760\" data-element_type=\"widget\" data-widget_type=\"pix-feature-list.default\">\n\t\t\t\t<div class=\"elementor-widget-container\">\n\t\t\t<div id=\"duo-icon-5022895\" class=\"slide-in-container w-100  \" ><div class=\"py-2 animate-in\" data-anim-type=\"fade-in-up\" data-anim-delay=\"600\"><div class=\"pix-feature-list text-18  font-weight-bold     py-2 d-flex align-items-center\" ><div class=\"pix-mr-10 text-primary\" style=\"width:1.5em;min-width:1.5em;height:1.5em;min-width:1.5em;position:relative;line-height:1em;text-align:center;\"><svg width=\"100%\" height=\"100%\" viewBox=\"0 0 24 24\" version=\"1.1\" xmlns=\"http:\/\/www.w3.org\/2000\/svg\" xmlns:xlink=\"http:\/\/www.w3.org\/1999\/xlink\"> <defs><\/defs> <g stroke=\"none\" stroke-width=\"1\" fill=\"none\" fill-rule=\"evenodd\"> <path d=\"M17,2 L19,2 C20.6568542,2 22,3.34314575 22,5 L22,19 C22,20.6568542 20.6568542,22 19,22 L17,22 L17,2 Z\" id=\"Rectangle-161-Copy\" fill=\"#000000\" opacity=\"0.3\"><\/path> <path d=\"M4,2 L16,2 C17.6568542,2 19,3.34314575 19,5 L19,19 C19,20.6568542 17.6568542,22 16,22 L4,22 C3.44771525,22 3,21.5522847 3,21 L3,3 C3,2.44771525 3.44771525,2 4,2 Z M11.1176481,13.709585 C10.6725287,14.1547043 9.99251947,14.2650547 9.42948307,13.9835365 C8.86644666,13.7020183 8.18643739,13.8123686 7.74131803,14.2574879 L6.2303083,15.7684977 C6.17542087,15.8233851 6.13406645,15.8902979 6.10952004,15.9639372 C6.02219616,16.2259088 6.16377615,16.5090688 6.42574781,16.5963927 L7.77956724,17.0476658 C9.07965249,17.4810276 10.5130001,17.1426601 11.4820264,16.1736338 L15.4812434,12.1744168 C16.3714821,11.2841781 16.5921828,9.92415954 16.0291464,8.79808673 L15.3965752,7.53294436 C15.3725414,7.48487691 15.3409156,7.44099843 15.302915,7.40299777 C15.1076528,7.20773562 14.7910703,7.20773562 14.5958082,7.40299777 L13.0032662,8.99553978 C12.5581468,9.44065914 12.4477965,10.1206684 12.7293147,10.6837048 C13.0108329,11.2467412 12.9004826,11.9267505 12.4553632,12.3718698 L11.1176481,13.709585 Z\" fill=\"#000000\"><\/path> <\/g> <\/svg><\/div><span class=\"text-heading-default\">+90 532 740 44 96<\/span><\/div><div class=\"pix-feature-list text-18  font-weight-bold     py-2 d-flex align-items-center\" ><div class=\"pix-mr-10 text-primary\" style=\"width:1.5em;min-width:1.5em;height:1.5em;min-width:1.5em;position:relative;line-height:1em;text-align:center;\"><svg width=\"100%\" height=\"100%\" viewBox=\"0 0 24 24\" version=\"1.1\" xmlns=\"http:\/\/www.w3.org\/2000\/svg\" xmlns:xlink=\"http:\/\/www.w3.org\/1999\/xlink\"> <defs><\/defs> <g stroke=\"none\" stroke-width=\"1\" fill=\"none\" fill-rule=\"evenodd\"> <path d=\"M11.575,21.2 C6.175,21.2 2.85,17.4 2.85,12.575 C2.85,6.875 7.375,3.05 12.525,3.05 C17.45,3.05 21.125,6.075 21.125,10.85 C21.125,15.2 18.825,16.925 16.525,16.925 C15.4,16.925 14.475,16.4 14.075,15.65 C13.3,16.4 12.125,16.875 11,16.875 C8.25,16.875 6.85,14.925 6.85,12.575 C6.85,9.55 9.05,7.1 12.275,7.1 C13.2,7.1 13.95,7.35 14.525,7.775 L14.625,7.35 L17,7.35 L15.825,12.85 C15.6,13.95 15.85,14.825 16.925,14.825 C18.25,14.825 19.025,13.725 19.025,10.8 C19.025,6.9 15.95,5.075 12.5,5.075 C8.625,5.075 5.05,7.75 5.05,12.575 C5.05,16.525 7.575,19.1 11.575,19.1 C13.075,19.1 14.625,18.775 15.975,18.075 L16.8,20.1 C15.25,20.8 13.2,21.2 11.575,21.2 Z M11.4,14.525 C12.05,14.525 12.7,14.35 13.225,13.825 L14.025,10.125 C13.575,9.65 12.925,9.425 12.3,9.425 C10.65,9.425 9.45,10.7 9.45,12.375 C9.45,13.675 10.075,14.525 11.4,14.525 Z\" fill=\"#000000\"><\/path> <\/g> <\/svg><\/div><span class=\"text-heading-default\">fuatdemirci@superonline.com<\/span><\/div><div class=\"pix-feature-list text-18  font-weight-bold     py-2 d-flex align-items-center\" ><div class=\"pix-mr-10 text-primary\" style=\"width:1.5em;min-width:1.5em;height:1.5em;min-width:1.5em;position:relative;line-height:1em;text-align:center;\"><svg width=\"100%\" height=\"100%\" viewBox=\"0 0 24 24\" version=\"1.1\" xmlns=\"http:\/\/www.w3.org\/2000\/svg\" xmlns:xlink=\"http:\/\/www.w3.org\/1999\/xlink\"> <defs><\/defs> <g stroke=\"none\" stroke-width=\"1\" fill=\"none\" fill-rule=\"evenodd\"> <path d=\"M5,10.5 C5,6 8,3 12.5,3 C17,3 20,6.75 20,10.5 C20,12.8325623 17.8236613,16.03566 13.470984,20.1092932 C12.9154018,20.6292577 12.0585054,20.6508331 11.4774555,20.1594925 C7.15915182,16.5078313 5,13.2880005 5,10.5 Z M12.5,12 C13.8807119,12 15,10.8807119 15,9.5 C15,8.11928813 13.8807119,7 12.5,7 C11.1192881,7 10,8.11928813 10,9.5 C10,10.8807119 11.1192881,12 12.5,12 Z\" fill=\"#000000\" fill-rule=\"nonzero\"><\/path> <\/g> <\/svg><\/div><span class=\"text-heading-default\">\u0130stanbul-T\u00dcRK\u0130YE<\/span><\/div><\/div><\/div>\t\t<\/div>\n\t\t\t\t<\/div>\n\t\t\t\t\t<\/div>\n\t\t<\/div>\n\t\t\t\t\t\t\t<\/div>\n\t\t<\/section>\n\t\t\t\t\t<\/div>\n\t\t<\/div>\n\t\t\t\t<div class=\"elementor-column elementor-col-50 elementor-top-column elementor-element elementor-element-23a987c2\" data-id=\"23a987c2\" data-element_type=\"column\">\n\t\t\t<div class=\"elementor-widget-wrap elementor-element-populated\">\n\t\t\t\t\t\t\t\t<div class=\"elementor-element elementor-element-35a124bd elementor-widget__width-initial elementor-absolute elementor-widget elementor-widget-pix-img\" data-id=\"35a124bd\" data-element_type=\"widget\" data-settings=\"{&quot;_position&quot;:&quot;absolute&quot;}\" data-widget_type=\"pix-img.default\">\n\t\t\t\t<div class=\"elementor-widget-container\">\n\t\t\t<div class=\"d-inline-block \" ><div class=\"pix-img-el    center d-inline-block  w-100 rounded-lg\"  ><img fetchpriority=\"high\" decoding=\"async\" class=\"card-img2 pix-img-elem rounded-lg  h-1002\" style=\"height:auto;\" width=\"475\" height=\"587\" srcset=\"https:\/\/fuatdemirci.com.tr\/wp-content\/uploads\/2023\/11\/292443146.png 475w, https:\/\/fuatdemirci.com.tr\/wp-content\/uploads\/2023\/11\/292443146-243x300.png 243w\" sizes=\"(max-width: 475px) 100vw, 475px\" src=\"https:\/\/fuatdemirci.com.tr\/wp-content\/uploads\/2023\/11\/292443146.png\" alt=\"Image link\" \/><\/div><\/div>\t\t<\/div>\n\t\t\t\t<\/div>\n\t\t\t\t\t<\/div>\n\t\t<\/div>\n\t\t\t\t\t\t\t<\/div>\n\t\t<\/section>\n\t\t\t\t<section class=\"elementor-section elementor-top-section elementor-element elementor-element-55943b25 elementor-section-boxed elementor-section-height-default elementor-section-height-default\" data-id=\"55943b25\" data-element_type=\"section\">\n\t\t\t\t\t\t<div class=\"elementor-container elementor-column-gap-default\">\n\t\t\t\t\t<div class=\"elementor-column elementor-col-100 elementor-top-column elementor-element elementor-element-7e2de8f4\" data-id=\"7e2de8f4\" data-element_type=\"column\">\n\t\t\t<div class=\"elementor-widget-wrap elementor-element-populated\">\n\t\t\t\t\t\t\t\t<div class=\"elementor-element elementor-element-7acf87dc elementor-widget elementor-widget-pix-sliding-text\" data-id=\"7acf87dc\" data-element_type=\"widget\" data-widget_type=\"pix-sliding-text.default\">\n\t\t\t\t<div class=\"elementor-widget-container\">\n\t\t\t<div id=\"sliding-text-147691969\" class=\"mb-3 text-center \"><div class=\"d-inline-block\" style=\"max-width:500px;\"><h3 class=\"mb-32 pix-sliding-headline-2 animate-in font-weight-bold secondary-font \" data-anim-type=\"pix-sliding-text\" pix-anim-delay=\"500\" data-class=\"secondary-font text-gradient-primary\" style=\"\"><span class=\"slide-in-container \"><span class=\"pix-sliding-item secondary-font text-gradient-primary\" style=\"transition-delay: 0ms;\">Resume&#32;<\/span><\/span> <\/h3><\/div><\/div>\t\t<\/div>\n\t\t\t\t<\/div>\n\t\t\t\t<div class=\"elementor-element elementor-element-8d4845a elementor-invisible elementor-widget elementor-widget-pix-text\" data-id=\"8d4845a\" data-element_type=\"widget\" data-widget_type=\"pix-text.default\">\n\t\t\t\t<div class=\"elementor-widget-container\">\n\t\t\t<div class=\"pix-el-text w-100 text-center \" ><div class=\"d-inline-block\" style=\"max-width:500px;\"><p class=\"text-18 resp-option text-body-default text-center \" ><span class=\"text-body-default animate-in d-inline-block\" data-anim-delay=\"1000\" data-anim-type=\"fade-in-up\">Dr. F. Demirci graduated from Istanbul Haydarpa\u015fa High School in 1977 and Istanbul Medical Faculty in 1983. He specialized in gynecology and obstetrics at Zeynep Kamil Women\u2019s and Children\u2019s Diseases Training and Research Hospital between 1986 and 1990. In 1990, he became an obstetrician and gynecologist.<\/span><\/p><\/div><\/div>\t\t<\/div>\n\t\t\t\t<\/div>\n\t\t\t\t<div class=\"elementor-element elementor-element-80147ca elementor-widget elementor-widget-text-editor\" data-id=\"80147ca\" data-element_type=\"widget\" data-widget_type=\"text-editor.default\">\n\t\t\t\t<div class=\"elementor-widget-container\">\n\t\t\t<style>\/*! elementor - v3.17.0 - 08-11-2023 *\/\n.elementor-widget-text-editor.elementor-drop-cap-view-stacked .elementor-drop-cap{background-color:#69727d;color:#fff}.elementor-widget-text-editor.elementor-drop-cap-view-framed .elementor-drop-cap{color:#69727d;border:3px solid;background-color:transparent}.elementor-widget-text-editor:not(.elementor-drop-cap-view-default) .elementor-drop-cap{margin-top:8px}.elementor-widget-text-editor:not(.elementor-drop-cap-view-default) .elementor-drop-cap-letter{width:1em;height:1em}.elementor-widget-text-editor .elementor-drop-cap{float:left;text-align:center;line-height:1;font-size:50px}.elementor-widget-text-editor .elementor-drop-cap-letter{display:inline-block}<\/style>\t\t\t\t<p>Between March, 1990 and December, 1997, he alternately worked as a chief assistant (specialist) at the delivery room, diagnosis and follow-up unit for high-risk pregnancies, and gynecologic surgery and gynecologic oncology surgery units of Zeynep Kamil Women\u2019s and Children\u2019s Diseases Training and Research Hospital.<\/p><p>In December 1997, he started to work as an assistant professor at Duzce Faculty of Medicine of Izzet Baysal University. He achieved the titles of associate professor in November, 2000 and professor in March, 2006. During his working period, he served as a member of the faculty board, member of the university board of directors, and as consultant of the rector. He worked at Istanbul University, Faculty of Medicine, Department of Gynecologic Oncology Surgery for for 4 months in 2001 and for 18 months in 2005-2006, \u015fn total 22 months. In 2011, he was entitled to become a subspecialist in Gynecologic Oncology Surgery.<\/p><p>He attanded as a visiting observer at Baylor College of Medicine, Houston, USA (1995). He worked at the Clinics of Gynecology-Obstetrics and Urogynecology at University of Rostock, Schwerin, Germany (February 1999).<\/p><p>Between June 1-December 1, 2009, he received IVF certificate from Yeditepe University Faculty of Medicine, Assisted Reproduction Technology Center.<\/p><p>In France, he received robotic surgery training at IRCAD center, Strasbourg in October 2011 and mesh practise training at Dr. E.Delorme\u2019s Clinic, Chalon sur Saone in 2012.<\/p><p>In October 2004, he became a member of the board of directors of the Turkish Society of Gynecology and Obstetrics. He served in this position for 3 terms until November 2010.<\/p><p>In September 2012, he became a member of the board of directors of the Istanbul Branch of the Turkish Society of Gynecology and Obstetrics. He served in this position until 2016.<\/p><p>In 1997, he became the founding member and general secretary of Turkish Urogynecology &amp; Pelvic Reconstructive Surgery. Between the dates of October 2011 and October 2015, he served as the chairman for 2 terms. He is still a member of the board of directors of this association.<\/p><p>He is a member of Society for Gynecological Endoscopy Association, Society for Gynecologic Oncology, Society of Ultrasound in Obstetrics and Gynecology, Turkish Perinatology Society, European Society for Gynecological Endoscopy (ESGE), Society of European Robotic Gynecologic Surgery (SERGS), International Continence Society (ICS), International Urogynecological Association (IUGA), and Mediterrean Incontinence and Pelvic Floor Society.<\/p><p>In the National Congresses scientific presentation competitions, he received first prize with his study of \u201cUrinary Incontinence Prevalence of Postmenopausal Women in Turkey\u201d (National Urogynecology Congress 1999), second prize with his study of \u201cBladder Neck Mobility and Urinary Incontinence in Pregnancy and Postpartum Period\u201d (National Urogynecology Congress 2002), seventh prize with his study of \u201cThe effect of ethinyl estradiol-cyproterone acetate treatment on homocysteine levels in women with polycystic ovary syndrome\u201d (5th National Gynecology and Obstetrics Congress, 2006) and achievement award of histopathological evaluation in postmenopausal uterine bleeding (2nd National National Menopause and Osteoporosis Symposium, 1995).<\/p><p>He became the secretary of the congress in 4 national congresses and 1 symposium and the chairman in 12 meetings. He took part in 54 national congress organizing committees. He served as the chairman, organizer, speaker and training operator in 50 post-graduation trainings. He was invited as a speaker and\/or workshop operator to 130 congresses, courses and meetings held in different provinces and Universities.<\/p><p>He carried out operations in various universities and training hospitals for aducational purposes (Zonguldak Karaelmas Faculty of Medicine, Istanbul Kartal Training and Research Hospital, Izmir SSK Tepecik Maternity Hospital, Osmangazi Faculty of Medicine, Erzurum Ataturk University, Faculty of Medicine, Zeynep Kamil Women\u2019s and Children\u2019s Diseases Training and Research Hospital, Goztepe (SSK) Training Hospital, Van Yuzuncu Yil University, Faculty of Medicine, Ege University, Ege Faculty of Medicine, Trakya Faculty of Medicine, Diyarbakir Women\u2019s Diseases and Maternity Hospital, Cumhuriyet University Faculty of Medicine (Sivas), Suleyman Demirel University, Faculty of Medicine (Isparta), RTE University, Facult of Medicine (Rize), Ankara University Faculty of Medicine, Pamukkale University, Faculty of Medicine, Antalya Training and Research Hospital).<\/p><p>He has 135 published studies, 42 of which are international. His studies have been cited in more than 200 international journals and books. He gave 15 international and 56 national presentations. He wrote one international and 20 national book chapters. In 2016, he edited the book \u201cAtlas of Gynecologic Surgery\u201d, which was translated into Turkish. He edited the special issue of Urogynecology of Journal of Gynecology and Obstetrics (2007). Between 2004 and 2012, he served as an assistant editor of the Turkish Journal of Obstetrics and Gynecology (TJOG). His 21 international articles received TUB\u0130TAK encouragement award for scientific studies.<\/p><p>He has been serving as the referee of 12 journals, six of which are international (Gynecological Surgery, Medical Sciences Monitor, Archives of Gynecolgy and Obstetrics, Gynecologic Obstetrics Investigation, Neurourology and Urodynamics, International Urogynecology Journal). In 2008, he became a member of the board of publication of International Journal of Gynecology and Obstetrics (Turkey).<\/p><p>He appeared in the international literature with an ultrasonographic diagnostic method and a surgical method developed by him.<\/p><p>In 2002, he was included in the index of \u201cwho is who in medicine and healthcare\u201d in US. In 2003, he was included in the list of physicians who contributed to medicine by the \u201cInternational Biography Center\u201d published in the United Kingdom (Cambridge). In 2011, he was one of the physicians granted with Hippocrates high achievement award by the \u201cAmerican Biographical Institutes (ABI)\u201c.<\/p><p>In 2004, he was elected as a member of the Advisory Board of the International Federation of Gynecology and Obstetrics (FIGO). In 2017, he was elected as a member of Advisory Board of the Mediterrean Incontinence and Pelvic Floor Society.<\/p><p>Fields of interes:<\/p><ul><li>Urinary incontinence and genital organ prolapses (vagina, uterus, the last portion of the thick intestine), gas-fecal incontinence<\/li><li>Laparoscopic surgery, hysteroscopy and robotic surgery (closed surgeries)<\/li><li>Gynecologic Cancer Surgery (uterus, cervix, ovaries and vagina)<\/li><li>Pregnancy and Delivery<\/li><li>Genital aesthetics<\/li><li>Infertility \u2013 IVF<\/li><\/ul>\t\t\t\t\t\t<\/div>\n\t\t\t\t<\/div>\n\t\t\t\t\t<\/div>\n\t\t<\/div>\n\t\t\t\t\t\t\t<\/div>\n\t\t<\/section>\n\t\t\t\t\t\t\t<\/div>\n\t\t","protected":false},"excerpt":{"rendered":"<p>Prof. Dr. Fuat DEM\u0130RC\u0130 Kad\u0131n Hastal\u0131klar\u0131 ve Do\u011fum Uzman\u0131 +90 532 740 44 96 fuatdemirci@superonline.com \u0130stanbul-T\u00dcRK\u0130YE Resume&#32; Dr. F. Demirci graduated from Istanbul Haydarpa\u015fa High School in 1977 and Istanbul Medical Faculty in 1983. He specialized in gynecology and obstetrics&#8230;<\/p>\n","protected":false},"author":1,"featured_media":13881,"parent":0,"menu_order":0,"comment_status":"closed","ping_status":"open","template":"","meta":{"footnotes":""},"class_list":["post-14764","page","type-page","status-publish","has-post-thumbnail","hentry"],"_links":{"self":[{"href":"https:\/\/fuatdemirci.com.tr\/en\/wp-json\/wp\/v2\/pages\/14764","targetHints":{"allow":["GET"]}}],"collection":[{"href":"https:\/\/fuatdemirci.com.tr\/en\/wp-json\/wp\/v2\/pages"}],"about":[{"href":"https:\/\/fuatdemirci.com.tr\/en\/wp-json\/wp\/v2\/types\/page"}],"author":[{"embeddable":true,"href":"https:\/\/fuatdemirci.com.tr\/en\/wp-json\/wp\/v2\/users\/1"}],"replies":[{"embeddable":true,"href":"https:\/\/fuatdemirci.com.tr\/en\/wp-json\/wp\/v2\/comments?post=14764"}],"version-history":[{"count":4,"href":"https:\/\/fuatdemirci.com.tr\/en\/wp-json\/wp\/v2\/pages\/14764\/revisions"}],"predecessor-version":[{"id":14768,"href":"https:\/\/fuatdemirci.com.tr\/en\/wp-json\/wp\/v2\/pages\/14764\/revisions\/14768"}],"wp:featuredmedia":[{"embeddable":true,"href":"https:\/\/fuatdemirci.com.tr\/en\/wp-json\/wp\/v2\/media\/13881"}],"wp:attachment":[{"href":"https:\/\/fuatdemirci.com.tr\/en\/wp-json\/wp\/v2\/media?parent=14764"}],"curies":[{"name":"wp","href":"https:\/\/api.w.org\/{rel}","templated":true}]}}